{"id":1160,"date":"2026-01-15T21:35:08","date_gmt":"2026-01-15T21:35:08","guid":{"rendered":"http:\/\/ran20916264.web.hosting-01.inacap.cl\/?page_id=1160"},"modified":"2026-02-27T03:00:58","modified_gmt":"2026-02-27T03:00:58","slug":"eventos-competencias","status":"publish","type":"page","link":"https:\/\/fundaciondeporteschile.cl\/?page_id=1160","title":{"rendered":"Eventos &#038; Competencias"},"content":{"rendered":"\t\t<div data-elementor-type=\"wp-page\" data-elementor-id=\"1160\" class=\"elementor elementor-1160\" data-elementor-post-type=\"page\">\n\t\t\t\t<div class=\"elementor-element elementor-element-125eb26 e-flex e-con-boxed jltma-glass-effect-no e-con e-parent\" data-id=\"125eb26\" data-element_type=\"container\" data-e-type=\"container\" data-settings=\"{&quot;background_background&quot;:&quot;gradient&quot;}\">\n\t\t\t\t\t<div class=\"e-con-inner\">\n\t\t<div class=\"elementor-element elementor-element-bef7754 e-con-full e-flex jltma-glass-effect-no e-con e-child\" data-id=\"bef7754\" data-element_type=\"container\" data-e-type=\"container\">\n\t\t\t\t<div class=\"elementor-element elementor-element-c8f054c jltma-glass-effect-no elementor-widget elementor-widget-heading\" data-id=\"c8f054c\" data-element_type=\"widget\" data-e-type=\"widget\" data-widget_type=\"heading.default\">\n\t\t\t\t\t<h2 class=\"elementor-heading-title elementor-size-default\">EVENTOS &amp;<\/h2>\t\t\t\t<\/div>\n\t\t\t\t<div class=\"elementor-element elementor-element-15ad4cc jltma-glass-effect-no elementor-widget elementor-widget-heading\" data-id=\"15ad4cc\" data-element_type=\"widget\" data-e-type=\"widget\" data-widget_type=\"heading.default\">\n\t\t\t\t\t<h2 class=\"elementor-heading-title elementor-size-default\">COMPETENCIAS<\/h2>\t\t\t\t<\/div>\n\t\t\t\t<\/div>\n\t\t<div class=\"elementor-element elementor-element-309565d e-con-full e-flex jltma-glass-effect-no e-con e-child\" data-id=\"309565d\" data-element_type=\"container\" data-e-type=\"container\">\n\t\t\t\t<div class=\"elementor-element elementor-element-a662710 elementor-view-default jltma-glass-effect-no elementor-widget elementor-widget-icon\" data-id=\"a662710\" data-element_type=\"widget\" data-e-type=\"widget\" data-widget_type=\"icon.default\">\n\t\t\t\t\t\t\t<div class=\"elementor-icon-wrapper\">\n\t\t\t<div class=\"elementor-icon\">\n\t\t\t<svg aria-hidden=\"true\" class=\"e-font-icon-svg e-fas-medal\" viewBox=\"0 0 512 512\" xmlns=\"http:\/\/www.w3.org\/2000\/svg\"><path d=\"M223.75 130.75L154.62 15.54A31.997 31.997 0 0 0 127.18 0H16.03C3.08 0-4.5 14.57 2.92 25.18l111.27 158.96c29.72-27.77 67.52-46.83 109.56-53.39zM495.97 0H384.82c-11.24 0-21.66 5.9-27.44 15.54l-69.13 115.21c42.04 6.56 79.84 25.62 109.56 53.38L509.08 25.18C516.5 14.57 508.92 0 495.97 0zM256 160c-97.2 0-176 78.8-176 176s78.8 176 176 176 176-78.8 176-176-78.8-176-176-176zm92.52 157.26l-37.93 36.96 8.97 52.22c1.6 9.36-8.26 16.51-16.65 12.09L256 393.88l-46.9 24.65c-8.4 4.45-18.25-2.74-16.65-12.09l8.97-52.22-37.93-36.96c-6.82-6.64-3.05-18.23 6.35-19.59l52.43-7.64 23.43-47.52c2.11-4.28 6.19-6.39 10.28-6.39 4.11 0 8.22 2.14 10.33 6.39l23.43 47.52 52.43 7.64c9.4 1.36 13.17 12.95 6.35 19.59z\"><\/path><\/svg>\t\t\t<\/div>\n\t\t<\/div>\n\t\t\t\t\t\t<\/div>\n\t\t\t\t<\/div>\n\t\t\t\t\t<\/div>\n\t\t\t\t<\/div>\n\t\t<div class=\"elementor-element elementor-element-fde0af2 e-flex e-con-boxed jltma-glass-effect-no e-con e-parent\" data-id=\"fde0af2\" data-element_type=\"container\" data-e-type=\"container\" data-settings=\"{&quot;background_background&quot;:&quot;classic&quot;}\">\n\t\t\t\t\t<div class=\"e-con-inner\">\n\t\t\t\t<div class=\"elementor-element elementor-element-4fb1dcf jltma-glass-effect-no elementor-widget elementor-widget-heading\" data-id=\"4fb1dcf\" data-element_type=\"widget\" data-e-type=\"widget\" data-widget_type=\"heading.default\">\n\t\t\t\t\t<h2 class=\"elementor-heading-title elementor-size-default\">PROGRAMAS<\/h2>\t\t\t\t<\/div>\n\t\t\t\t<div class=\"elementor-element elementor-element-d75278c elementor-widget-divider--view-line jltma-glass-effect-no elementor-widget elementor-widget-divider\" data-id=\"d75278c\" data-element_type=\"widget\" data-e-type=\"widget\" data-widget_type=\"divider.default\">\n\t\t\t\t\t\t\t<div class=\"elementor-divider\">\n\t\t\t<span class=\"elementor-divider-separator\">\n\t\t\t\t\t\t<\/span>\n\t\t<\/div>\n\t\t\t\t\t\t<\/div>\n\t\t\t\t\t<\/div>\n\t\t\t\t<\/div>\n\t\t<div class=\"elementor-element elementor-element-49fd37f e-flex e-con-boxed jltma-glass-effect-no e-con e-parent\" data-id=\"49fd37f\" data-element_type=\"container\" data-e-type=\"container\" data-settings=\"{&quot;background_background&quot;:&quot;classic&quot;}\">\n\t\t\t\t\t<div class=\"e-con-inner\">\n\t\t<div class=\"elementor-element elementor-element-6afc988 e-con-full e-flex jltma-glass-effect-no e-con e-child\" data-id=\"6afc988\" data-element_type=\"container\" data-e-type=\"container\" data-settings=\"{&quot;background_background&quot;:&quot;classic&quot;}\">\n\t\t<div class=\"elementor-element elementor-element-5cfa14f e-con-full e-flex jltma-glass-effect-no e-con e-child\" data-id=\"5cfa14f\" data-element_type=\"container\" data-e-type=\"container\" data-settings=\"{&quot;background_background&quot;:&quot;classic&quot;}\">\n\t\t\t\t<div class=\"elementor-element elementor-element-da63bfd jltma-glass-effect-no elementor-widget elementor-widget-spacer\" data-id=\"da63bfd\" data-element_type=\"widget\" data-e-type=\"widget\" data-widget_type=\"spacer.default\">\n\t\t\t\t\t\t\t<div class=\"elementor-spacer\">\n\t\t\t<div class=\"elementor-spacer-inner\"><\/div>\n\t\t<\/div>\n\t\t\t\t\t\t<\/div>\n\t\t\t\t<div class=\"elementor-element elementor-element-a96a4a5 jltma-glass-effect-no elementor-widget elementor-widget-heading\" data-id=\"a96a4a5\" data-element_type=\"widget\" data-e-type=\"widget\" data-widget_type=\"heading.default\">\n\t\t\t\t\t<h2 class=\"elementor-heading-title elementor-size-default\">EVENTOS DEPORTIVOS Y DE ACTIVIDAD F\u00cdSICA DE ALTO EST\u00c1NDAR<\/h2>\t\t\t\t<\/div>\n\t\t\t\t<div class=\"elementor-element elementor-element-a91845b elementor-widget-divider--view-line jltma-glass-effect-no elementor-widget elementor-widget-divider\" data-id=\"a91845b\" data-element_type=\"widget\" data-e-type=\"widget\" data-widget_type=\"divider.default\">\n\t\t\t\t\t\t\t<div class=\"elementor-divider\">\n\t\t\t<span class=\"elementor-divider-separator\">\n\t\t\t\t\t\t<\/span>\n\t\t<\/div>\n\t\t\t\t\t\t<\/div>\n\t\t\t\t<div class=\"elementor-element elementor-element-784792f jltma-glass-effect-no elementor-widget elementor-widget-text-editor\" data-id=\"784792f\" data-element_type=\"widget\" data-e-type=\"widget\" data-widget_type=\"text-editor.default\">\n\t\t\t\t\t\t\t\t\t<p>Programa orientado al dise\u00f1o y ejecuci\u00f3n de eventos deportivos y recreativos de calidad profesional, que promueven la participaci\u00f3n inclusiva, la visibilidad del deporte y el posicionamiento territorial a nivel local, regional y nacional.<\/p>\t\t\t\t\t\t\t\t<\/div>\n\t\t\t\t<\/div>\n\t\t\t\t<\/div>\n\t\t<div class=\"elementor-element elementor-element-fef2e45 e-con-full e-flex jltma-glass-effect-no e-con e-child\" data-id=\"fef2e45\" data-element_type=\"container\" data-e-type=\"container\">\n\t\t<div class=\"elementor-element elementor-element-35a85d6 e-con-full e-flex jltma-glass-effect-no e-con e-child\" data-id=\"35a85d6\" data-element_type=\"container\" data-e-type=\"container\" data-settings=\"{&quot;background_background&quot;:&quot;classic&quot;}\">\n\t\t\t\t<div class=\"elementor-element elementor-element-fe74026 jltma-glass-effect-no elementor-widget elementor-widget-spacer\" data-id=\"fe74026\" data-element_type=\"widget\" data-e-type=\"widget\" data-widget_type=\"spacer.default\">\n\t\t\t\t\t\t\t<div class=\"elementor-spacer\">\n\t\t\t<div class=\"elementor-spacer-inner\"><\/div>\n\t\t<\/div>\n\t\t\t\t\t\t<\/div>\n\t\t\t\t<div class=\"elementor-element elementor-element-10e07bb jltma-glass-effect-no elementor-widget elementor-widget-heading\" data-id=\"10e07bb\" data-element_type=\"widget\" data-e-type=\"widget\" data-widget_type=\"heading.default\">\n\t\t\t\t\t<h2 class=\"elementor-heading-title elementor-size-default\">CIRCUITOS DEPORTIVOS REGIONALES<\/h2>\t\t\t\t<\/div>\n\t\t\t\t<div class=\"elementor-element elementor-element-93e0baf elementor-widget-divider--view-line jltma-glass-effect-no elementor-widget elementor-widget-divider\" data-id=\"93e0baf\" data-element_type=\"widget\" data-e-type=\"widget\" data-widget_type=\"divider.default\">\n\t\t\t\t\t\t\t<div class=\"elementor-divider\">\n\t\t\t<span class=\"elementor-divider-separator\">\n\t\t\t\t\t\t<\/span>\n\t\t<\/div>\n\t\t\t\t\t\t<\/div>\n\t\t\t\t<div class=\"elementor-element elementor-element-dc3a98b jltma-glass-effect-no elementor-widget elementor-widget-text-editor\" data-id=\"dc3a98b\" data-element_type=\"widget\" data-e-type=\"widget\" data-widget_type=\"text-editor.default\">\n\t\t\t\t\t\t\t\t\t<p>Programa que articula competencias y encuentros deportivos en distintas comunas y regiones, fortaleciendo la descentralizaci\u00f3n del deporte, la participaci\u00f3n continua y la vinculaci\u00f3n entre comunidades, organizaciones y gobiernos locales.<\/p>\t\t\t\t\t\t\t\t<\/div>\n\t\t\t\t<\/div>\n\t\t\t\t<\/div>\n\t\t<div class=\"elementor-element elementor-element-c6049d1 e-con-full e-flex jltma-glass-effect-no e-con e-child\" data-id=\"c6049d1\" data-element_type=\"container\" data-e-type=\"container\">\n\t\t<div class=\"elementor-element elementor-element-8e97fb2 e-con-full e-flex jltma-glass-effect-no e-con e-child\" data-id=\"8e97fb2\" data-element_type=\"container\" data-e-type=\"container\" data-settings=\"{&quot;background_background&quot;:&quot;classic&quot;}\">\n\t\t\t\t<div class=\"elementor-element elementor-element-5caa822 jltma-glass-effect-no elementor-widget elementor-widget-spacer\" data-id=\"5caa822\" data-element_type=\"widget\" data-e-type=\"widget\" data-widget_type=\"spacer.default\">\n\t\t\t\t\t\t\t<div class=\"elementor-spacer\">\n\t\t\t<div class=\"elementor-spacer-inner\"><\/div>\n\t\t<\/div>\n\t\t\t\t\t\t<\/div>\n\t\t\t\t<div class=\"elementor-element elementor-element-0de031b jltma-glass-effect-no elementor-widget elementor-widget-heading\" data-id=\"0de031b\" data-element_type=\"widget\" data-e-type=\"widget\" data-widget_type=\"heading.default\">\n\t\t\t\t\t<h2 class=\"elementor-heading-title elementor-size-default\">FESTIVALES DEPORTIVOS FAMILIARES<\/h2>\t\t\t\t<\/div>\n\t\t\t\t<div class=\"elementor-element elementor-element-0a1570b elementor-widget-divider--view-line jltma-glass-effect-no elementor-widget elementor-widget-divider\" data-id=\"0a1570b\" data-element_type=\"widget\" data-e-type=\"widget\" data-widget_type=\"divider.default\">\n\t\t\t\t\t\t\t<div class=\"elementor-divider\">\n\t\t\t<span class=\"elementor-divider-separator\">\n\t\t\t\t\t\t<\/span>\n\t\t<\/div>\n\t\t\t\t\t\t<\/div>\n\t\t\t\t<div class=\"elementor-element elementor-element-4805da9 jltma-glass-effect-no elementor-widget elementor-widget-text-editor\" data-id=\"4805da9\" data-element_type=\"widget\" data-e-type=\"widget\" data-widget_type=\"text-editor.default\">\n\t\t\t\t\t\t\t\t\t<p>Programa enfocado en la realizaci\u00f3n de eventos recreativos y deportivos abiertos a la comunidad, que fomentan la actividad f\u00edsica intergeneracional, la vida saludable y el uso positivo del espacio p\u00fablico en un ambiente familiar e inclusivo.<\/p>\t\t\t\t\t\t\t\t<\/div>\n\t\t\t\t<\/div>\n\t\t\t\t<\/div>\n\t\t\t\t\t<\/div>\n\t\t\t\t<\/div>\n\t\t<div class=\"elementor-element elementor-element-ad383ef e-con-full e-flex jltma-glass-effect-no e-con e-parent\" data-id=\"ad383ef\" data-element_type=\"container\" data-e-type=\"container\" data-settings=\"{&quot;background_background&quot;:&quot;classic&quot;}\">\n\t\t\t\t<div class=\"elementor-element elementor-element-4375b99 jltma-glass-effect-no elementor-widget elementor-widget-qi_addons_for_elementor_text_marquee\" data-id=\"4375b99\" data-element_type=\"widget\" data-e-type=\"widget\" data-widget_type=\"qi_addons_for_elementor_text_marquee.default\">\n\t\t\t\t<div class=\"elementor-widget-container\">\n\t\t\t\t\t<div class=\"qodef-shortcode qodef-m qodef-qi-text-marquee qodef-layout--default\">\n\t<div class=\"qodef-m-content\">\n\t\t<div class=\"qodef-m-text qodef-text--original\">\n\t\t\t\t\t\t\t<span class=\"qodef-m-text-item elementor-repeater-item-101a45d\" >\u00a1Subscr\u00edbete a nuestro newsletter!<\/span>\n\t\t\t\t\t\t\t\t\t\t\t<span class=\"qodef-m-text-item elementor-repeater-item-cd77cdb\" >\u00a1Subscr\u00edbete a nuestro newsletter!<\/span>\n\t\t\t\t\t\t\t\t\t\t\t<span class=\"qodef-m-text-item elementor-repeater-item-88e85ea\" >\u00a1Subscr\u00edbete a nuestro newsletter!<\/span>\n\t\t\t\t\t\t\t\t\t\t\t<span class=\"qodef-m-text-item elementor-repeater-item-84d1994\" >\u00a1Subscr\u00edbete a nuestro newsletter!<\/span>\n\t\t\t\t\t\t\t\t\t<\/div>\n\t\t<div class=\"qodef-m-text qodef-text--copy\">\n\t\t\t\t\t\t\t<span class=\"qodef-m-text-item elementor-repeater-item-101a45d\" >\u00a1Subscr\u00edbete a nuestro newsletter!<\/span>\n\t\t\t\t\t\t\t\t\t\t\t<span class=\"qodef-m-text-item elementor-repeater-item-cd77cdb\" >\u00a1Subscr\u00edbete a nuestro newsletter!<\/span>\n\t\t\t\t\t\t\t\t\t\t\t<span class=\"qodef-m-text-item elementor-repeater-item-88e85ea\" >\u00a1Subscr\u00edbete a nuestro newsletter!<\/span>\n\t\t\t\t\t\t\t\t\t\t\t<span class=\"qodef-m-text-item elementor-repeater-item-84d1994\" >\u00a1Subscr\u00edbete a nuestro newsletter!<\/span>\n\t\t\t\t\t\t\t\t\t<\/div>\n\t<\/div>\n<\/div>\n\t\t\t\t<\/div>\n\t\t\t\t<\/div>\n\t\t\t\t<\/div>\n\t\t<div class=\"elementor-element elementor-element-0caa8f8 e-flex e-con-boxed jltma-glass-effect-no e-con e-parent\" data-id=\"0caa8f8\" data-element_type=\"container\" data-e-type=\"container\" data-settings=\"{&quot;background_background&quot;:&quot;classic&quot;}\">\n\t\t\t\t\t<div class=\"e-con-inner\">\n\t\t<div class=\"elementor-element elementor-element-b426805 e-con-full e-flex jltma-glass-effect-no e-con e-child\" data-id=\"b426805\" data-element_type=\"container\" data-e-type=\"container\">\n\t\t\t\t<div class=\"elementor-element elementor-element-c21083b jltma-glass-effect-no elementor-widget elementor-widget-heading\" data-id=\"c21083b\" data-element_type=\"widget\" data-e-type=\"widget\" data-widget_type=\"heading.default\">\n\t\t\t\t\t<h2 class=\"elementor-heading-title elementor-size-default\">NEWSLETTERS<\/h2>\t\t\t\t<\/div>\n\t\t\t\t<div class=\"elementor-element elementor-element-df3bbf6 jltma-glass-effect-no elementor-widget elementor-widget-heading\" data-id=\"df3bbf6\" data-element_type=\"widget\" data-e-type=\"widget\" data-widget_type=\"heading.default\">\n\t\t\t\t\t<h2 class=\"elementor-heading-title elementor-size-default\">\u00a1Recibe informaci\u00f3n, noticias, eventos <br>de la fundaci\u00f3n!<\/h2>\t\t\t\t<\/div>\n\t\t\t\t<div class=\"elementor-element elementor-element-279fb26 jltma-glass-effect-no elementor-widget elementor-widget-heading\" data-id=\"279fb26\" data-element_type=\"widget\" data-e-type=\"widget\" data-widget_type=\"heading.default\">\n\t\t\t\t\t<h2 class=\"elementor-heading-title elementor-size-default\">Se parte del cambio que transformar\u00e1<br>a Chile.<\/h2>\t\t\t\t<\/div>\n\t\t\t\t<\/div>\n\t\t<div class=\"elementor-element elementor-element-c0eb730 e-con-full e-flex jltma-glass-effect-no e-con e-child\" data-id=\"c0eb730\" data-element_type=\"container\" data-e-type=\"container\">\n\t\t\t\t<div class=\"elementor-element elementor-element-d82e5b7 elementor-button-align-stretch jltma-glass-effect-no elementor-widget elementor-widget-form\" data-id=\"d82e5b7\" data-element_type=\"widget\" data-e-type=\"widget\" data-settings=\"{&quot;step_next_label&quot;:&quot;Next&quot;,&quot;step_previous_label&quot;:&quot;Previous&quot;,&quot;button_width&quot;:&quot;100&quot;,&quot;step_type&quot;:&quot;number_text&quot;,&quot;step_icon_shape&quot;:&quot;circle&quot;}\" data-widget_type=\"form.default\">\n\t\t\t\t\t\t\t<form class=\"elementor-form\" method=\"post\" name=\"New Form\" aria-label=\"New Form\">\n\t\t\t<input type=\"hidden\" name=\"post_id\" value=\"1160\"\/>\n\t\t\t<input type=\"hidden\" name=\"form_id\" value=\"d82e5b7\"\/>\n\t\t\t<input type=\"hidden\" name=\"referer_title\" value=\"Eventos &#038; Competencias - FUNDACI\u00d3N DEPORTES CHILE\" \/>\n\n\t\t\t\t\t\t\t<input type=\"hidden\" name=\"queried_id\" value=\"1160\"\/>\n\t\t\t\n\t\t\t<div class=\"elementor-form-fields-wrapper elementor-labels-above\">\n\t\t\t\t\t\t\t\t<div class=\"elementor-field-type-text elementor-field-group elementor-column elementor-field-group-name elementor-col-50\">\n\t\t\t\t\t\t\t\t\t\t\t\t<label for=\"form-field-name\" class=\"elementor-field-label\">\n\t\t\t\t\t\t\t\tNombre\t\t\t\t\t\t\t<\/label>\n\t\t\t\t\t\t\t\t\t\t\t\t\t\t<input size=\"1\" type=\"text\" name=\"form_fields[name]\" id=\"form-field-name\" class=\"elementor-field elementor-size-xs  elementor-field-textual\">\n\t\t\t\t\t\t\t\t\t\t\t<\/div>\n\t\t\t\t\t\t\t\t<div class=\"elementor-field-type-email elementor-field-group elementor-column elementor-field-group-email elementor-col-50 elementor-field-required\">\n\t\t\t\t\t\t\t\t\t\t\t\t<label for=\"form-field-email\" class=\"elementor-field-label\">\n\t\t\t\t\t\t\t\tApellido\t\t\t\t\t\t\t<\/label>\n\t\t\t\t\t\t\t\t\t\t\t\t\t\t<input size=\"1\" type=\"email\" name=\"form_fields[email]\" id=\"form-field-email\" class=\"elementor-field elementor-size-xs  elementor-field-textual\" required=\"required\">\n\t\t\t\t\t\t\t\t\t\t\t<\/div>\n\t\t\t\t\t\t\t\t<div class=\"elementor-field-type-email elementor-field-group elementor-column elementor-field-group-message elementor-col-100\">\n\t\t\t\t\t\t\t\t\t\t\t\t<label for=\"form-field-message\" class=\"elementor-field-label\">\n\t\t\t\t\t\t\t\tCorreo electr\u00f3nico\t\t\t\t\t\t\t<\/label>\n\t\t\t\t\t\t\t\t\t\t\t\t\t\t<input size=\"1\" type=\"email\" name=\"form_fields[message]\" id=\"form-field-message\" class=\"elementor-field elementor-size-xs  elementor-field-textual\">\n\t\t\t\t\t\t\t\t\t\t\t<\/div>\n\t\t\t\t\t\t\t\t<div class=\"elementor-field-type-acceptance elementor-field-group elementor-column elementor-field-group-field_40fbaec elementor-col-70\">\n\t\t\t\t\t\t\t<div class=\"elementor-field-subgroup\">\n\t\t\t<span class=\"elementor-field-option\">\n\t\t\t\t<input type=\"checkbox\" name=\"form_fields[field_40fbaec]\" id=\"form-field-field_40fbaec\" class=\"elementor-field elementor-size-xs  elementor-acceptance-field\">\n\t\t\t\t<label for=\"form-field-field_40fbaec\">Acepto los t\u00e9rminos y condiciones de uso para la fundaci\u00f3n, como distribuci\u00f3n de informaci\u00f3n y noticias del sitio.<\/label>\t\t\t<\/span>\n\t\t<\/div>\n\t\t\t\t\t\t<\/div>\n\t\t\t\t\t\t\t\t<div class=\"elementor-field-group elementor-column elementor-field-type-submit elementor-col-100 e-form__buttons\">\n\t\t\t\t\t<button class=\"elementor-button elementor-size-xs\" type=\"submit\">\n\t\t\t\t\t\t<span class=\"elementor-button-content-wrapper\">\n\t\t\t\t\t\t\t\t\t\t\t\t\t\t\t\t\t\t\t\t\t\t<span class=\"elementor-button-text\">INSCRIBIRSE<\/span>\n\t\t\t\t\t\t\t\t\t\t\t\t\t<\/span>\n\t\t\t\t\t<\/button>\n\t\t\t\t<\/div>\n\t\t\t<\/div>\n\t\t<\/form>\n\t\t\t\t\t\t<\/div>\n\t\t\t\t<\/div>\n\t\t\t\t\t<\/div>\n\t\t\t\t<\/div>\n\t\t\t\t<\/div>\n\t\t","protected":false},"excerpt":{"rendered":"<p>EVENTOS &amp; COMPETENCIAS PROGRAMAS EVENTOS DEPORTIVOS Y DE ACTIVIDAD F\u00cdSICA DE ALTO EST\u00c1NDAR Programa orientado al dise\u00f1o y ejecuci\u00f3n de eventos deportivos y recreativos de calidad profesional, que promueven la participaci\u00f3n inclusiva, la visibilidad del deporte y el posicionamiento territorial a nivel local, regional y nacional. CIRCUITOS DEPORTIVOS REGIONALES Programa que articula competencias y encuentros [&hellip;]<\/p>\n","protected":false},"author":2,"featured_media":0,"parent":0,"menu_order":0,"comment_status":"closed","ping_status":"closed","template":"","meta":{"footnotes":""},"class_list":["post-1160","page","type-page","status-publish","hentry"],"_links":{"self":[{"href":"https:\/\/fundaciondeporteschile.cl\/index.php?rest_route=\/wp\/v2\/pages\/1160","targetHints":{"allow":["GET"]}}],"collection":[{"href":"https:\/\/fundaciondeporteschile.cl\/index.php?rest_route=\/wp\/v2\/pages"}],"about":[{"href":"https:\/\/fundaciondeporteschile.cl\/index.php?rest_route=\/wp\/v2\/types\/page"}],"author":[{"embeddable":true,"href":"https:\/\/fundaciondeporteschile.cl\/index.php?rest_route=\/wp\/v2\/users\/2"}],"replies":[{"embeddable":true,"href":"https:\/\/fundaciondeporteschile.cl\/index.php?rest_route=%2Fwp%2Fv2%2Fcomments&post=1160"}],"version-history":[{"count":4,"href":"https:\/\/fundaciondeporteschile.cl\/index.php?rest_route=\/wp\/v2\/pages\/1160\/revisions"}],"predecessor-version":[{"id":1354,"href":"https:\/\/fundaciondeporteschile.cl\/index.php?rest_route=\/wp\/v2\/pages\/1160\/revisions\/1354"}],"wp:attachment":[{"href":"https:\/\/fundaciondeporteschile.cl\/index.php?rest_route=%2Fwp%2Fv2%2Fmedia&parent=1160"}],"curies":[{"name":"wp","href":"https:\/\/api.w.org\/{rel}","templated":true}]}}