{"id":181,"date":"2025-12-10T04:16:17","date_gmt":"2025-12-10T04:16:17","guid":{"rendered":"http:\/\/ran20916264.web.hosting-01.inacap.cl\/?page_id=181"},"modified":"2026-04-14T21:21:28","modified_gmt":"2026-04-14T21:21:28","slug":"transparencia-testimonios","status":"publish","type":"page","link":"https:\/\/fundaciondeporteschile.cl\/?page_id=181","title":{"rendered":"Con\u00f3cenos"},"content":{"rendered":"\t\t<div data-elementor-type=\"wp-page\" data-elementor-id=\"181\" class=\"elementor elementor-181\" data-elementor-post-type=\"page\">\n\t\t\t\t<div class=\"elementor-element elementor-element-78a6025 e-flex e-con-boxed jltma-glass-effect-no e-con e-parent\" data-id=\"78a6025\" data-element_type=\"container\" data-e-type=\"container\" data-settings=\"{&quot;background_background&quot;:&quot;classic&quot;}\">\n\t\t\t\t\t<div class=\"e-con-inner\">\n\t\t\t\t<div class=\"elementor-element elementor-element-8b5bd92 jltma-glass-effect-no elementor-widget elementor-widget-heading\" data-id=\"8b5bd92\" data-element_type=\"widget\" data-e-type=\"widget\" data-widget_type=\"heading.default\">\n\t\t\t\t\t<h2 class=\"elementor-heading-title elementor-size-default\">NUESTRO EQUIPO<\/h2>\t\t\t\t<\/div>\n\t\t\t\t\t<\/div>\n\t\t\t\t<\/div>\n\t\t<div class=\"elementor-element elementor-element-5e074cc e-flex e-con-boxed jltma-glass-effect-no e-con e-parent\" data-id=\"5e074cc\" data-element_type=\"container\" data-e-type=\"container\" data-settings=\"{&quot;background_background&quot;:&quot;classic&quot;}\">\n\t\t\t\t\t<div class=\"e-con-inner\">\n\t\t<div class=\"elementor-element elementor-element-775fc59 e-con-full e-flex jltma-glass-effect-no e-con e-child\" data-id=\"775fc59\" data-element_type=\"container\" data-e-type=\"container\" data-settings=\"{&quot;background_background&quot;:&quot;classic&quot;}\">\n\t\t\t\t<div class=\"elementor-element elementor-element-d76cf9b jltma-glass-effect-no elementor-widget elementor-widget-text-editor\" data-id=\"d76cf9b\" data-element_type=\"widget\" data-e-type=\"widget\" data-widget_type=\"text-editor.default\">\n\t\t\t\t\t\t\t\t\t<p>Director Ejecutivo y Jefe de Proyectos e Impacto<\/p>\t\t\t\t\t\t\t\t<\/div>\n\t\t\t\t<\/div>\n\t\t<div class=\"elementor-element elementor-element-b51d2b6 e-con-full e-flex jltma-glass-effect-no e-con e-child\" data-id=\"b51d2b6\" data-element_type=\"container\" data-e-type=\"container\" data-settings=\"{&quot;background_background&quot;:&quot;classic&quot;}\">\n\t\t\t\t<div class=\"elementor-element elementor-element-3fe3b85 jltma-glass-effect-no elementor-widget elementor-widget-text-editor\" data-id=\"3fe3b85\" data-element_type=\"widget\" data-e-type=\"widget\" data-widget_type=\"text-editor.default\">\n\t\t\t\t\t\t\t\t\t<p>Director de Desarrollo Corporativo y Alianzas Estrat\u00e9gica<\/p>\t\t\t\t\t\t\t\t<\/div>\n\t\t\t\t<\/div>\n\t\t<div class=\"elementor-element elementor-element-e9e3a12 e-con-full e-flex jltma-glass-effect-no e-con e-child\" data-id=\"e9e3a12\" data-element_type=\"container\" data-e-type=\"container\" data-settings=\"{&quot;background_background&quot;:&quot;classic&quot;}\">\n\t\t\t\t<div class=\"elementor-element elementor-element-1514545 jltma-glass-effect-no elementor-widget elementor-widget-text-editor\" data-id=\"1514545\" data-element_type=\"widget\" data-e-type=\"widget\" data-widget_type=\"text-editor.default\">\n\t\t\t\t\t\t\t\t\t<p>Director de Finanzas y Administraci\u00f3n<\/p>\t\t\t\t\t\t\t\t<\/div>\n\t\t\t\t<\/div>\n\t\t<div class=\"elementor-element elementor-element-a2b8397 e-con-full e-flex jltma-glass-effect-no e-con e-child\" data-id=\"a2b8397\" data-element_type=\"container\" data-e-type=\"container\" data-settings=\"{&quot;background_background&quot;:&quot;classic&quot;}\">\n\t\t\t\t<div class=\"elementor-element elementor-element-d4c4596 jltma-glass-effect-no elementor-widget elementor-widget-text-editor\" data-id=\"d4c4596\" data-element_type=\"widget\" data-e-type=\"widget\" data-widget_type=\"text-editor.default\">\n\t\t\t\t\t\t\t\t\t<p>Director de Gesti\u00f3n Deportiva<\/p>\t\t\t\t\t\t\t\t<\/div>\n\t\t\t\t<\/div>\n\t\t<div class=\"elementor-element elementor-element-2a1d771 e-con-full e-flex jltma-glass-effect-no e-con e-child\" data-id=\"2a1d771\" data-element_type=\"container\" data-e-type=\"container\" data-settings=\"{&quot;background_background&quot;:&quot;classic&quot;}\">\n\t\t\t\t<div class=\"elementor-element elementor-element-9e7dad4 jltma-glass-effect-no elementor-widget elementor-widget-text-editor\" data-id=\"9e7dad4\" data-element_type=\"widget\" data-e-type=\"widget\" data-widget_type=\"text-editor.default\">\n\t\t\t\t\t\t\t\t\t<p>Social Media Manager<\/p>\t\t\t\t\t\t\t\t<\/div>\n\t\t\t\t<\/div>\n\t\t<div class=\"elementor-element elementor-element-4976fd6 e-con-full e-flex jltma-glass-effect-no e-con e-child\" data-id=\"4976fd6\" data-element_type=\"container\" data-e-type=\"container\" data-settings=\"{&quot;background_background&quot;:&quot;classic&quot;}\">\n\t\t\t\t<div class=\"elementor-element elementor-element-afbb7ea jltma-glass-effect-no elementor-widget elementor-widget-text-editor\" data-id=\"afbb7ea\" data-element_type=\"widget\" data-e-type=\"widget\" data-widget_type=\"text-editor.default\">\n\t\t\t\t\t\t\t\t\t<p>Encargado\/a de Innovaci\u00f3n y Transformaci\u00f3n Digital<\/p>\t\t\t\t\t\t\t\t<\/div>\n\t\t\t\t<\/div>\n\t\t\t\t\t<\/div>\n\t\t\t\t<\/div>\n\t\t<div class=\"elementor-element elementor-element-ae4ccba e-flex e-con-boxed jltma-glass-effect-no e-con e-parent\" data-id=\"ae4ccba\" data-element_type=\"container\" data-e-type=\"container\" data-settings=\"{&quot;background_background&quot;:&quot;gradient&quot;}\">\n\t\t\t\t\t<div class=\"e-con-inner\">\n\t\t\t\t<div class=\"elementor-element elementor-element-d82791a jltma-glass-effect-no elementor-widget elementor-widget-spacer\" data-id=\"d82791a\" data-element_type=\"widget\" data-e-type=\"widget\" data-widget_type=\"spacer.default\">\n\t\t\t\t\t\t\t<div class=\"elementor-spacer\">\n\t\t\t<div class=\"elementor-spacer-inner\"><\/div>\n\t\t<\/div>\n\t\t\t\t\t\t<\/div>\n\t\t\t\t\t<\/div>\n\t\t\t\t<\/div>\n\t\t<div class=\"elementor-element elementor-element-5bcc135 e-con-full e-flex jltma-glass-effect-no e-con e-parent\" data-id=\"5bcc135\" data-element_type=\"container\" data-e-type=\"container\" data-settings=\"{&quot;background_background&quot;:&quot;classic&quot;}\">\n\t\t\t\t<div class=\"elementor-element elementor-element-5e988e5 jltma-glass-effect-no elementor-widget elementor-widget-qi_addons_for_elementor_text_marquee\" data-id=\"5e988e5\" data-element_type=\"widget\" data-e-type=\"widget\" data-widget_type=\"qi_addons_for_elementor_text_marquee.default\">\n\t\t\t\t<div class=\"elementor-widget-container\">\n\t\t\t\t\t<div class=\"qodef-shortcode qodef-m qodef-qi-text-marquee qodef-layout--default\">\n\t<div class=\"qodef-m-content\">\n\t\t<div class=\"qodef-m-text qodef-text--original\">\n\t\t\t\t\t\t\t<span class=\"qodef-m-text-item elementor-repeater-item-101a45d\" >\u00a1Subscr\u00edbete a nuestro newsletter!<\/span>\n\t\t\t\t\t\t\t\t\t\t\t<span class=\"qodef-m-text-item elementor-repeater-item-cd77cdb\" >\u00a1Subscr\u00edbete a nuestro newsletter!<\/span>\n\t\t\t\t\t\t\t\t\t\t\t<span class=\"qodef-m-text-item elementor-repeater-item-88e85ea\" >\u00a1Subscr\u00edbete a nuestro newsletter!<\/span>\n\t\t\t\t\t\t\t\t\t\t\t<span class=\"qodef-m-text-item elementor-repeater-item-84d1994\" >\u00a1Subscr\u00edbete a nuestro newsletter!<\/span>\n\t\t\t\t\t\t\t\t\t<\/div>\n\t\t<div class=\"qodef-m-text qodef-text--copy\">\n\t\t\t\t\t\t\t<span class=\"qodef-m-text-item elementor-repeater-item-101a45d\" >\u00a1Subscr\u00edbete a nuestro newsletter!<\/span>\n\t\t\t\t\t\t\t\t\t\t\t<span class=\"qodef-m-text-item elementor-repeater-item-cd77cdb\" >\u00a1Subscr\u00edbete a nuestro newsletter!<\/span>\n\t\t\t\t\t\t\t\t\t\t\t<span class=\"qodef-m-text-item elementor-repeater-item-88e85ea\" >\u00a1Subscr\u00edbete a nuestro newsletter!<\/span>\n\t\t\t\t\t\t\t\t\t\t\t<span class=\"qodef-m-text-item elementor-repeater-item-84d1994\" >\u00a1Subscr\u00edbete a nuestro newsletter!<\/span>\n\t\t\t\t\t\t\t\t\t<\/div>\n\t<\/div>\n<\/div>\n\t\t\t\t<\/div>\n\t\t\t\t<\/div>\n\t\t\t\t<\/div>\n\t\t<div class=\"elementor-element elementor-element-543656a e-flex e-con-boxed jltma-glass-effect-no e-con e-parent\" data-id=\"543656a\" data-element_type=\"container\" data-e-type=\"container\" data-settings=\"{&quot;background_background&quot;:&quot;classic&quot;}\">\n\t\t\t\t\t<div class=\"e-con-inner\">\n\t\t<div class=\"elementor-element elementor-element-ecf437c e-con-full e-flex jltma-glass-effect-no e-con e-child\" data-id=\"ecf437c\" data-element_type=\"container\" data-e-type=\"container\">\n\t\t\t\t<div class=\"elementor-element elementor-element-e4d648b jltma-glass-effect-no elementor-widget elementor-widget-heading\" data-id=\"e4d648b\" data-element_type=\"widget\" data-e-type=\"widget\" data-widget_type=\"heading.default\">\n\t\t\t\t\t<h2 class=\"elementor-heading-title elementor-size-default\">NEWSLETTERS<\/h2>\t\t\t\t<\/div>\n\t\t\t\t<div class=\"elementor-element elementor-element-34b21e7 jltma-glass-effect-no elementor-widget elementor-widget-heading\" data-id=\"34b21e7\" data-element_type=\"widget\" data-e-type=\"widget\" data-widget_type=\"heading.default\">\n\t\t\t\t\t<h2 class=\"elementor-heading-title elementor-size-default\">\u00a1Recibe informaci\u00f3n, noticias, eventos <br>de la fundaci\u00f3n!<\/h2>\t\t\t\t<\/div>\n\t\t\t\t<div class=\"elementor-element elementor-element-de80d21 jltma-glass-effect-no elementor-widget elementor-widget-heading\" data-id=\"de80d21\" data-element_type=\"widget\" data-e-type=\"widget\" data-widget_type=\"heading.default\">\n\t\t\t\t\t<h2 class=\"elementor-heading-title elementor-size-default\">Se parte del cambio que transformar\u00e1<br>a Chile.<\/h2>\t\t\t\t<\/div>\n\t\t\t\t<\/div>\n\t\t<div class=\"elementor-element elementor-element-cfd4b84 e-con-full e-flex jltma-glass-effect-no e-con e-child\" data-id=\"cfd4b84\" data-element_type=\"container\" data-e-type=\"container\">\n\t\t\t\t<div class=\"elementor-element elementor-element-fb2febd elementor-button-align-stretch jltma-glass-effect-no elementor-widget elementor-widget-form\" data-id=\"fb2febd\" data-element_type=\"widget\" data-e-type=\"widget\" data-settings=\"{&quot;step_next_label&quot;:&quot;Next&quot;,&quot;step_previous_label&quot;:&quot;Previous&quot;,&quot;button_width&quot;:&quot;100&quot;,&quot;step_type&quot;:&quot;number_text&quot;,&quot;step_icon_shape&quot;:&quot;circle&quot;}\" data-widget_type=\"form.default\">\n\t\t\t\t\t\t\t<form class=\"elementor-form\" method=\"post\" name=\"New Form\" aria-label=\"New Form\">\n\t\t\t<input type=\"hidden\" name=\"post_id\" value=\"181\"\/>\n\t\t\t<input type=\"hidden\" name=\"form_id\" value=\"fb2febd\"\/>\n\t\t\t<input type=\"hidden\" name=\"referer_title\" value=\"Con\u00f3cenos - FUNDACI\u00d3N DEPORTES CHILE\" \/>\n\n\t\t\t\t\t\t\t<input type=\"hidden\" name=\"queried_id\" value=\"181\"\/>\n\t\t\t\n\t\t\t<div class=\"elementor-form-fields-wrapper elementor-labels-above\">\n\t\t\t\t\t\t\t\t<div class=\"elementor-field-type-text elementor-field-group elementor-column elementor-field-group-name elementor-col-50\">\n\t\t\t\t\t\t\t\t\t\t\t\t<label for=\"form-field-name\" class=\"elementor-field-label\">\n\t\t\t\t\t\t\t\tNombre\t\t\t\t\t\t\t<\/label>\n\t\t\t\t\t\t\t\t\t\t\t\t\t\t<input size=\"1\" type=\"text\" name=\"form_fields[name]\" id=\"form-field-name\" class=\"elementor-field elementor-size-xs  elementor-field-textual\">\n\t\t\t\t\t\t\t\t\t\t\t<\/div>\n\t\t\t\t\t\t\t\t<div class=\"elementor-field-type-email elementor-field-group elementor-column elementor-field-group-email elementor-col-50 elementor-field-required\">\n\t\t\t\t\t\t\t\t\t\t\t\t<label for=\"form-field-email\" class=\"elementor-field-label\">\n\t\t\t\t\t\t\t\tApellido\t\t\t\t\t\t\t<\/label>\n\t\t\t\t\t\t\t\t\t\t\t\t\t\t<input size=\"1\" type=\"email\" name=\"form_fields[email]\" id=\"form-field-email\" class=\"elementor-field elementor-size-xs  elementor-field-textual\" required=\"required\">\n\t\t\t\t\t\t\t\t\t\t\t<\/div>\n\t\t\t\t\t\t\t\t<div class=\"elementor-field-type-email elementor-field-group elementor-column elementor-field-group-message elementor-col-100\">\n\t\t\t\t\t\t\t\t\t\t\t\t<label for=\"form-field-message\" class=\"elementor-field-label\">\n\t\t\t\t\t\t\t\tCorreo electr\u00f3nico\t\t\t\t\t\t\t<\/label>\n\t\t\t\t\t\t\t\t\t\t\t\t\t\t<input size=\"1\" type=\"email\" name=\"form_fields[message]\" id=\"form-field-message\" class=\"elementor-field elementor-size-xs  elementor-field-textual\">\n\t\t\t\t\t\t\t\t\t\t\t<\/div>\n\t\t\t\t\t\t\t\t<div class=\"elementor-field-type-acceptance elementor-field-group elementor-column elementor-field-group-field_40fbaec elementor-col-70\">\n\t\t\t\t\t\t\t<div class=\"elementor-field-subgroup\">\n\t\t\t<span class=\"elementor-field-option\">\n\t\t\t\t<input type=\"checkbox\" name=\"form_fields[field_40fbaec]\" id=\"form-field-field_40fbaec\" class=\"elementor-field elementor-size-xs  elementor-acceptance-field\">\n\t\t\t\t<label for=\"form-field-field_40fbaec\">Acepto los t\u00e9rminos y condiciones de uso para la fundaci\u00f3n, como distribuci\u00f3n de informaci\u00f3n y noticias del sitio.<\/label>\t\t\t<\/span>\n\t\t<\/div>\n\t\t\t\t\t\t<\/div>\n\t\t\t\t\t\t\t\t<div class=\"elementor-field-group elementor-column elementor-field-type-submit elementor-col-100 e-form__buttons\">\n\t\t\t\t\t<button class=\"elementor-button elementor-size-xs\" type=\"submit\">\n\t\t\t\t\t\t<span class=\"elementor-button-content-wrapper\">\n\t\t\t\t\t\t\t\t\t\t\t\t\t\t\t\t\t\t\t\t\t\t<span class=\"elementor-button-text\">INSCRIBIRSE<\/span>\n\t\t\t\t\t\t\t\t\t\t\t\t\t<\/span>\n\t\t\t\t\t<\/button>\n\t\t\t\t<\/div>\n\t\t\t<\/div>\n\t\t<\/form>\n\t\t\t\t\t\t<\/div>\n\t\t\t\t<\/div>\n\t\t\t\t\t<\/div>\n\t\t\t\t<\/div>\n\t\t\t\t<\/div>\n\t\t","protected":false},"excerpt":{"rendered":"<p>NUESTRO EQUIPO Director Ejecutivo y Jefe de Proyectos e Impacto Director de Desarrollo Corporativo y Alianzas Estrat\u00e9gica Director de Finanzas y Administraci\u00f3n Director de Gesti\u00f3n Deportiva Social Media Manager Encargado\/a de Innovaci\u00f3n y Transformaci\u00f3n Digital \u00a1Subscr\u00edbete a nuestro newsletter! \u00a1Subscr\u00edbete a nuestro newsletter! \u00a1Subscr\u00edbete a nuestro newsletter! \u00a1Subscr\u00edbete a nuestro newsletter! \u00a1Subscr\u00edbete a nuestro newsletter! [&hellip;]<\/p>\n","protected":false},"author":2,"featured_media":0,"parent":0,"menu_order":0,"comment_status":"closed","ping_status":"closed","template":"","meta":{"footnotes":""},"class_list":["post-181","page","type-page","status-publish","hentry"],"_links":{"self":[{"href":"https:\/\/fundaciondeporteschile.cl\/index.php?rest_route=\/wp\/v2\/pages\/181","targetHints":{"allow":["GET"]}}],"collection":[{"href":"https:\/\/fundaciondeporteschile.cl\/index.php?rest_route=\/wp\/v2\/pages"}],"about":[{"href":"https:\/\/fundaciondeporteschile.cl\/index.php?rest_route=\/wp\/v2\/types\/page"}],"author":[{"embeddable":true,"href":"https:\/\/fundaciondeporteschile.cl\/index.php?rest_route=\/wp\/v2\/users\/2"}],"replies":[{"embeddable":true,"href":"https:\/\/fundaciondeporteschile.cl\/index.php?rest_route=%2Fwp%2Fv2%2Fcomments&post=181"}],"version-history":[{"count":71,"href":"https:\/\/fundaciondeporteschile.cl\/index.php?rest_route=\/wp\/v2\/pages\/181\/revisions"}],"predecessor-version":[{"id":2029,"href":"https:\/\/fundaciondeporteschile.cl\/index.php?rest_route=\/wp\/v2\/pages\/181\/revisions\/2029"}],"wp:attachment":[{"href":"https:\/\/fundaciondeporteschile.cl\/index.php?rest_route=%2Fwp%2Fv2%2Fmedia&parent=181"}],"curies":[{"name":"wp","href":"https:\/\/api.w.org\/{rel}","templated":true}]}}