{"id":985,"date":"2025-12-03T12:51:38","date_gmt":"2025-12-03T12:51:38","guid":{"rendered":"http:\/\/ran20916264.web.hosting-01.inacap.cl\/?page_id=65"},"modified":"2026-02-28T21:25:55","modified_gmt":"2026-02-28T21:25:55","slug":"noticias","status":"publish","type":"page","link":"https:\/\/fundaciondeporteschile.cl\/?page_id=985","title":{"rendered":"NOTICIAS"},"content":{"rendered":"\t\t<div data-elementor-type=\"wp-page\" data-elementor-id=\"985\" class=\"elementor elementor-985\" data-elementor-post-type=\"page\">\n\t\t\t\t<div class=\"elementor-element elementor-element-ee236bd e-flex e-con-boxed jltma-glass-effect-no e-con e-parent\" data-id=\"ee236bd\" data-element_type=\"container\" data-e-type=\"container\" data-settings=\"{&quot;background_background&quot;:&quot;classic&quot;}\">\n\t\t\t\t\t<div class=\"e-con-inner\">\n\t\t<div class=\"elementor-element elementor-element-20b4d8c e-con-full e-flex jltma-glass-effect-no e-con e-child\" data-id=\"20b4d8c\" data-element_type=\"container\" data-e-type=\"container\">\n\t\t\t\t<div class=\"elementor-element elementor-element-c4381d1 jltma-glass-effect-no elementor-widget elementor-widget-heading\" data-id=\"c4381d1\" data-element_type=\"widget\" data-e-type=\"widget\" data-widget_type=\"heading.default\">\n\t\t\t\t\t<h2 class=\"elementor-heading-title elementor-size-default\">NOTICIAS<\/h2>\t\t\t\t<\/div>\n\t\t\t\t<div class=\"elementor-element elementor-element-639fed6 jltma-glass-effect-no elementor-widget elementor-widget-heading\" data-id=\"639fed6\" data-element_type=\"widget\" data-e-type=\"widget\" data-widget_type=\"heading.default\">\n\t\t\t\t\t<h2 class=\"elementor-heading-title elementor-size-default\">SOBRE LA\nFUNDACI\u00d3N<\/h2>\t\t\t\t<\/div>\n\t\t\t\t<\/div>\n\t\t<div class=\"elementor-element elementor-element-cf257c0 e-con-full e-flex jltma-glass-effect-no e-con e-child\" data-id=\"cf257c0\" data-element_type=\"container\" data-e-type=\"container\">\n\t\t\t\t<div class=\"elementor-element elementor-element-ad1613e jltma-glass-effect-no elementor-widget elementor-widget-text-editor\" data-id=\"ad1613e\" data-element_type=\"widget\" data-e-type=\"widget\" data-widget_type=\"text-editor.default\">\n\t\t\t\t\t\t\t\t\t<p>Recopilamos datos, conocemos el mundo deportivo en Chile y realizamos noticias que den a conocer la realidad deportiva nacional. Damos a conocer proyectos nuevos, avisos y resultados con datos firmes, sobre el desarrollo deportivo de la fundaci\u00f3n.<\/p>\t\t\t\t\t\t\t\t<\/div>\n\t\t\t\t<\/div>\n\t\t\t\t\t<\/div>\n\t\t\t\t<\/div>\n\t\t<div class=\"elementor-element elementor-element-8a533c6 e-flex e-con-boxed jltma-glass-effect-no e-con e-parent\" data-id=\"8a533c6\" data-element_type=\"container\" data-e-type=\"container\" data-settings=\"{&quot;background_background&quot;:&quot;classic&quot;}\">\n\t\t\t\t\t<div class=\"e-con-inner\">\n\t\t<div class=\"elementor-element elementor-element-61b1c95 e-con-full e-flex jltma-glass-effect-no e-con e-child\" data-id=\"61b1c95\" data-element_type=\"container\" data-e-type=\"container\">\n\t\t\t\t<div class=\"elementor-element elementor-element-b88c9e4 jltma-glass-effect-no elementor-widget elementor-widget-image\" data-id=\"b88c9e4\" data-element_type=\"widget\" data-e-type=\"widget\" data-widget_type=\"image.default\">\n\t\t\t\t\t\t\t\t\t\t\t\t\t\t\t<img fetchpriority=\"high\" decoding=\"async\" width=\"800\" height=\"647\" src=\"https:\/\/fundaciondeporteschile.cl\/wp-content\/uploads\/2025\/12\/pexels-maksgelatin-4348631.jpg\" class=\"attachment-large size-large wp-image-292\" alt=\"\" srcset=\"https:\/\/fundaciondeporteschile.cl\/wp-content\/uploads\/2025\/12\/pexels-maksgelatin-4348631.jpg 812w, https:\/\/fundaciondeporteschile.cl\/wp-content\/uploads\/2025\/12\/pexels-maksgelatin-4348631-300x243.jpg 300w, https:\/\/fundaciondeporteschile.cl\/wp-content\/uploads\/2025\/12\/pexels-maksgelatin-4348631-768x621.jpg 768w\" sizes=\"(max-width: 800px) 100vw, 800px\" \/>\t\t\t\t\t\t\t\t\t\t\t\t\t\t\t<\/div>\n\t\t\t\t<\/div>\n\t\t\t\t<div class=\"elementor-element elementor-element-d2f398b elementor-widget__width-initial elementor-widget-divider--view-line jltma-glass-effect-no elementor-widget elementor-widget-divider\" data-id=\"d2f398b\" data-element_type=\"widget\" data-e-type=\"widget\" data-widget_type=\"divider.default\">\n\t\t\t\t\t\t\t<div class=\"elementor-divider\">\n\t\t\t<span class=\"elementor-divider-separator\">\n\t\t\t\t\t\t<\/span>\n\t\t<\/div>\n\t\t\t\t\t\t<\/div>\n\t\t<div class=\"elementor-element elementor-element-ab0c7c8 e-con-full e-flex jltma-glass-effect-no e-con e-child\" data-id=\"ab0c7c8\" data-element_type=\"container\" data-e-type=\"container\">\n\t\t\t\t<div class=\"elementor-element elementor-element-3db3835 elementor-widget-divider--view-line jltma-glass-effect-no elementor-widget elementor-widget-divider\" data-id=\"3db3835\" data-element_type=\"widget\" data-e-type=\"widget\" data-widget_type=\"divider.default\">\n\t\t\t\t\t\t\t<div class=\"elementor-divider\">\n\t\t\t<span class=\"elementor-divider-separator\">\n\t\t\t\t\t\t<\/span>\n\t\t<\/div>\n\t\t\t\t\t\t<\/div>\n\t\t\t\t<div class=\"elementor-element elementor-element-ae83dbe jltma-glass-effect-no elementor-widget elementor-widget-heading\" data-id=\"ae83dbe\" data-element_type=\"widget\" data-e-type=\"widget\" data-widget_type=\"heading.default\">\n\t\t\t\t\t<h2 class=\"elementor-heading-title elementor-size-default\">01. 03. 2026<\/h2>\t\t\t\t<\/div>\n\t\t\t\t<div class=\"elementor-element elementor-element-fbd80d2 jltma-glass-effect-no elementor-widget elementor-widget-heading\" data-id=\"fbd80d2\" data-element_type=\"widget\" data-e-type=\"widget\" data-widget_type=\"heading.default\">\n\t\t\t\t\t<h2 class=\"elementor-heading-title elementor-size-default\">Ser mujer en el mundo deportivo...<\/h2>\t\t\t\t<\/div>\n\t\t\t\t<div class=\"elementor-element elementor-element-e3b6924 elementor-widget-divider--view-line jltma-glass-effect-no elementor-widget elementor-widget-divider\" data-id=\"e3b6924\" data-element_type=\"widget\" data-e-type=\"widget\" data-widget_type=\"divider.default\">\n\t\t\t\t\t\t\t<div class=\"elementor-divider\">\n\t\t\t<span class=\"elementor-divider-separator\">\n\t\t\t\t\t\t<\/span>\n\t\t<\/div>\n\t\t\t\t\t\t<\/div>\n\t\t\t\t<div class=\"elementor-element elementor-element-5d0f9b7 jltma-glass-effect-no elementor-widget elementor-widget-text-editor\" data-id=\"5d0f9b7\" data-element_type=\"widget\" data-e-type=\"widget\" data-widget_type=\"text-editor.default\">\n\t\t\t\t\t\t\t\t\t<p>Ver mujeres jugando f\u00fatbol, ganando campeonatos de basquetbol o participando en partidos de hockey sobre patines, hoy es una realidad. Cada vez m\u00e1s, la industria del deporte pone los reflectores sobre el deporte femenino y sobre aquellas deportistas que luchan cada d\u00eda por ser profesionales de alto nivel.<\/p><p>Sin embargo, todav\u00eda hay mucho camino que recorrer en cuanto al reconocimiento deportivo y a la paridad de oportunidades deportivas.<\/p>\t\t\t\t\t\t\t\t<\/div>\n\t\t\t\t<div class=\"elementor-element elementor-element-cb5da3b elementor-widget-divider--view-line jltma-glass-effect-no elementor-widget elementor-widget-divider\" data-id=\"cb5da3b\" data-element_type=\"widget\" data-e-type=\"widget\" data-widget_type=\"divider.default\">\n\t\t\t\t\t\t\t<div class=\"elementor-divider\">\n\t\t\t<span class=\"elementor-divider-separator\">\n\t\t\t\t\t\t<\/span>\n\t\t<\/div>\n\t\t\t\t\t\t<\/div>\n\t\t\t\t<div class=\"elementor-element elementor-element-8f0d2b6 elementor-align-left jltma-glass-effect-no elementor-widget elementor-widget-button\" data-id=\"8f0d2b6\" data-element_type=\"widget\" data-e-type=\"widget\" data-widget_type=\"button.default\">\n\t\t\t\t\t\t\t\t\t\t<a class=\"elementor-button elementor-button-link elementor-size-sm\" href=\"https:\/\/fundaciondeporteschile.cl\/?page_id=477\">\n\t\t\t\t\t\t<span class=\"elementor-button-content-wrapper\">\n\t\t\t\t\t\t<span class=\"elementor-button-icon\">\n\t\t\t\t<svg aria-hidden=\"true\" class=\"e-font-icon-svg e-fas-angle-right\" viewBox=\"0 0 256 512\" xmlns=\"http:\/\/www.w3.org\/2000\/svg\"><path d=\"M224.3 273l-136 136c-9.4 9.4-24.6 9.4-33.9 0l-22.6-22.6c-9.4-9.4-9.4-24.6 0-33.9l96.4-96.4-96.4-96.4c-9.4-9.4-9.4-24.6 0-33.9L54.3 103c9.4-9.4 24.6-9.4 33.9 0l136 136c9.5 9.4 9.5 24.6.1 34z\"><\/path><\/svg>\t\t\t<\/span>\n\t\t\t\t\t\t\t\t\t<span class=\"elementor-button-text\">VER M\u00c1S <\/span>\n\t\t\t\t\t<\/span>\n\t\t\t\t\t<\/a>\n\t\t\t\t\t\t\t\t<\/div>\n\t\t\t\t<\/div>\n\t\t\t\t\t<\/div>\n\t\t\t\t<\/div>\n\t\t<div class=\"elementor-element elementor-element-cc04a01 e-flex e-con-boxed jltma-glass-effect-no e-con e-parent\" data-id=\"cc04a01\" data-element_type=\"container\" data-e-type=\"container\" data-settings=\"{&quot;background_background&quot;:&quot;classic&quot;}\">\n\t\t\t\t\t<div class=\"e-con-inner\">\n\t\t<div class=\"elementor-element elementor-element-815ab68 e-con-full e-flex jltma-glass-effect-no e-con e-child\" data-id=\"815ab68\" data-element_type=\"container\" data-e-type=\"container\" data-settings=\"{&quot;background_background&quot;:&quot;classic&quot;}\">\n\t\t\t\t<div class=\"elementor-element elementor-element-796fc48 jltma-glass-effect-no elementor-widget elementor-widget-image\" data-id=\"796fc48\" data-element_type=\"widget\" data-e-type=\"widget\" data-widget_type=\"image.default\">\n\t\t\t\t\t\t\t\t\t\t\t\t\t\t\t<img decoding=\"async\" width=\"812\" height=\"367\" src=\"https:\/\/fundaciondeporteschile.cl\/wp-content\/uploads\/2026\/02\/pexels-cottonbro-6700823.jpg\" class=\"attachment-full size-full wp-image-1309\" alt=\"\" srcset=\"https:\/\/fundaciondeporteschile.cl\/wp-content\/uploads\/2026\/02\/pexels-cottonbro-6700823.jpg 812w, https:\/\/fundaciondeporteschile.cl\/wp-content\/uploads\/2026\/02\/pexels-cottonbro-6700823-300x136.jpg 300w, https:\/\/fundaciondeporteschile.cl\/wp-content\/uploads\/2026\/02\/pexels-cottonbro-6700823-768x347.jpg 768w\" sizes=\"(max-width: 812px) 100vw, 812px\" \/>\t\t\t\t\t\t\t\t\t\t\t\t\t\t\t<\/div>\n\t\t\t\t<div class=\"elementor-element elementor-element-820ed31 jltma-glass-effect-no elementor-widget elementor-widget-heading\" data-id=\"820ed31\" data-element_type=\"widget\" data-e-type=\"widget\" data-widget_type=\"heading.default\">\n\t\t\t\t\t<h2 class=\"elementor-heading-title elementor-size-default\">01.03.2026<\/h2>\t\t\t\t<\/div>\n\t\t\t\t<div class=\"elementor-element elementor-element-81e5ed1 jltma-glass-effect-no elementor-widget elementor-widget-heading\" data-id=\"81e5ed1\" data-element_type=\"widget\" data-e-type=\"widget\" data-widget_type=\"heading.default\">\n\t\t\t\t\t<h2 class=\"elementor-heading-title elementor-size-default\">Ser mujer en el mundo...<\/h2>\t\t\t\t<\/div>\n\t\t\t\t<div class=\"elementor-element elementor-element-bb988a9 jltma-glass-effect-no elementor-widget elementor-widget-heading\" data-id=\"bb988a9\" data-element_type=\"widget\" data-e-type=\"widget\" data-widget_type=\"heading.default\">\n\t\t\t\t\t<h2 class=\"elementor-heading-title elementor-size-default\">Ver mujeres jugando f\u00fatbol, ganando campeonatos de basquetbol o participando en partidos de hockey sobre patines, hoy es una realidad. Cada vez m\u00e1s, la industria del deporte pone los reflectores sobre el deporte femenino y sobre aquellas deportistas que luchan cada d\u00eda por ser profesionales de alto nivel.<\/h2>\t\t\t\t<\/div>\n\t\t\t\t<div class=\"elementor-element elementor-element-4850e63 jltma-glass-effect-no elementor-widget elementor-widget-button\" data-id=\"4850e63\" data-element_type=\"widget\" data-e-type=\"widget\" data-widget_type=\"button.default\">\n\t\t\t\t\t\t\t\t\t\t<a class=\"elementor-button elementor-button-link elementor-size-sm\" href=\"https:\/\/fundaciondeporteschile.cl\/?page_id=477\">\n\t\t\t\t\t\t<span class=\"elementor-button-content-wrapper\">\n\t\t\t\t\t\t<span class=\"elementor-button-icon\">\n\t\t\t\t<svg aria-hidden=\"true\" class=\"e-font-icon-svg e-fas-angle-right\" viewBox=\"0 0 256 512\" xmlns=\"http:\/\/www.w3.org\/2000\/svg\"><path d=\"M224.3 273l-136 136c-9.4 9.4-24.6 9.4-33.9 0l-22.6-22.6c-9.4-9.4-9.4-24.6 0-33.9l96.4-96.4-96.4-96.4c-9.4-9.4-9.4-24.6 0-33.9L54.3 103c9.4-9.4 24.6-9.4 33.9 0l136 136c9.5 9.4 9.5 24.6.1 34z\"><\/path><\/svg>\t\t\t<\/span>\n\t\t\t\t\t\t\t\t\t<span class=\"elementor-button-text\">VER M\u00c1S<\/span>\n\t\t\t\t\t<\/span>\n\t\t\t\t\t<\/a>\n\t\t\t\t\t\t\t\t<\/div>\n\t\t\t\t<\/div>\n\t\t\t\t\t<\/div>\n\t\t\t\t<\/div>\n\t\t<div class=\"elementor-element elementor-element-2a5866a e-flex e-con-boxed jltma-glass-effect-no e-con e-parent\" data-id=\"2a5866a\" data-element_type=\"container\" data-e-type=\"container\" data-settings=\"{&quot;background_background&quot;:&quot;classic&quot;}\">\n\t\t\t\t\t<div class=\"e-con-inner\">\n\t\t\t\t<div class=\"elementor-element elementor-element-62c4ee7 jltma-glass-effect-no elementor-widget elementor-widget-heading\" data-id=\"62c4ee7\" data-element_type=\"widget\" data-e-type=\"widget\" data-widget_type=\"heading.default\">\n\t\t\t\t\t<h2 class=\"elementor-heading-title elementor-size-default\">PRONTO, \u00a1M\u00c1S<\/h2>\t\t\t\t<\/div>\n\t\t\t\t<div class=\"elementor-element elementor-element-513bd5c jltma-glass-effect-no elementor-widget elementor-widget-heading\" data-id=\"513bd5c\" data-element_type=\"widget\" data-e-type=\"widget\" data-widget_type=\"heading.default\">\n\t\t\t\t\t<h2 class=\"elementor-heading-title elementor-size-default\">NOTICIAS POR COMPARTIR! <\/h2>\t\t\t\t<\/div>\n\t\t\t\t<div class=\"elementor-element elementor-element-1cc6786 elementor-view-default jltma-glass-effect-no elementor-widget elementor-widget-icon\" data-id=\"1cc6786\" data-element_type=\"widget\" data-e-type=\"widget\" data-widget_type=\"icon.default\">\n\t\t\t\t\t\t\t<div class=\"elementor-icon-wrapper\">\n\t\t\t<div class=\"elementor-icon\">\n\t\t\t<svg aria-hidden=\"true\" class=\"e-font-icon-svg e-fab-searchengin\" viewBox=\"0 0 460 512\" xmlns=\"http:\/\/www.w3.org\/2000\/svg\"><path d=\"M220.6 130.3l-67.2 28.2V43.2L98.7 233.5l54.7-24.2v130.3l67.2-209.3zm-83.2-96.7l-1.3 4.7-15.2 52.9C80.6 106.7 52 145.8 52 191.5c0 52.3 34.3 95.9 83.4 105.5v53.6C57.5 340.1 0 272.4 0 191.6c0-80.5 59.8-147.2 137.4-158zm311.4 447.2c-11.2 11.2-23.1 12.3-28.6 10.5-5.4-1.8-27.1-19.9-60.4-44.4-33.3-24.6-33.6-35.7-43-56.7-9.4-20.9-30.4-42.6-57.5-52.4l-9.7-14.7c-24.7 16.9-53 26.9-81.3 28.7l2.1-6.6 15.9-49.5c46.5-11.9 80.9-54 80.9-104.2 0-54.5-38.4-102.1-96-107.1V32.3C254.4 37.4 320 106.8 320 191.6c0 33.6-11.2 64.7-29 90.4l14.6 9.6c9.8 27.1 31.5 48 52.4 57.4s32.2 9.7 56.8 43c24.6 33.2 42.7 54.9 44.5 60.3s.7 17.3-10.5 28.5zm-9.9-17.9c0-4.4-3.6-8-8-8s-8 3.6-8 8 3.6 8 8 8 8-3.6 8-8z\"><\/path><\/svg>\t\t\t<\/div>\n\t\t<\/div>\n\t\t\t\t\t\t<\/div>\n\t\t\t\t\t<\/div>\n\t\t\t\t<\/div>\n\t\t<div class=\"elementor-element elementor-element-d54661e e-flex e-con-boxed jltma-glass-effect-no e-con e-parent\" data-id=\"d54661e\" data-element_type=\"container\" data-e-type=\"container\" data-settings=\"{&quot;background_background&quot;:&quot;classic&quot;}\">\n\t\t\t\t\t<div class=\"e-con-inner\">\n\t\t<div class=\"elementor-element elementor-element-08c7cba e-con-full e-flex jltma-glass-effect-no e-con e-child\" data-id=\"08c7cba\" data-element_type=\"container\" data-e-type=\"container\">\n\t\t\t\t<div class=\"elementor-element elementor-element-98a4494 elementor-widget-divider--view-line jltma-glass-effect-no elementor-widget elementor-widget-divider\" data-id=\"98a4494\" data-element_type=\"widget\" data-e-type=\"widget\" data-widget_type=\"divider.default\">\n\t\t\t\t\t\t\t<div class=\"elementor-divider\">\n\t\t\t<span class=\"elementor-divider-separator\">\n\t\t\t\t\t\t<\/span>\n\t\t<\/div>\n\t\t\t\t\t\t<\/div>\n\t\t\t\t<div class=\"elementor-element elementor-element-25a1ff2 elementor-widget__width-inherit jltma-glass-effect-no elementor-widget elementor-widget-image\" data-id=\"25a1ff2\" data-element_type=\"widget\" data-e-type=\"widget\" data-widget_type=\"image.default\">\n\t\t\t\t\t\t\t\t\t\t\t\t\t\t\t<img decoding=\"async\" width=\"800\" height=\"149\" src=\"https:\/\/fundaciondeporteschile.cl\/wp-content\/uploads\/2026\/02\/retrato-de-nina-deportiva-jugando-con-una-pelota-de-rugby-1024x191.jpg\" class=\"attachment-large size-large wp-image-1310\" alt=\"\" srcset=\"https:\/\/fundaciondeporteschile.cl\/wp-content\/uploads\/2026\/02\/retrato-de-nina-deportiva-jugando-con-una-pelota-de-rugby-1024x191.jpg 1024w, https:\/\/fundaciondeporteschile.cl\/wp-content\/uploads\/2026\/02\/retrato-de-nina-deportiva-jugando-con-una-pelota-de-rugby-300x56.jpg 300w, https:\/\/fundaciondeporteschile.cl\/wp-content\/uploads\/2026\/02\/retrato-de-nina-deportiva-jugando-con-una-pelota-de-rugby-768x143.jpg 768w, https:\/\/fundaciondeporteschile.cl\/wp-content\/uploads\/2026\/02\/retrato-de-nina-deportiva-jugando-con-una-pelota-de-rugby-1536x287.jpg 1536w, https:\/\/fundaciondeporteschile.cl\/wp-content\/uploads\/2026\/02\/retrato-de-nina-deportiva-jugando-con-una-pelota-de-rugby.jpg 1640w\" sizes=\"(max-width: 800px) 100vw, 800px\" \/>\t\t\t\t\t\t\t\t\t\t\t\t\t\t\t<\/div>\n\t\t\t\t<div class=\"elementor-element elementor-element-901eb5f jltma-glass-effect-no elementor-widget elementor-widget-spacer\" data-id=\"901eb5f\" data-element_type=\"widget\" data-e-type=\"widget\" data-widget_type=\"spacer.default\">\n\t\t\t\t\t\t\t<div class=\"elementor-spacer\">\n\t\t\t<div class=\"elementor-spacer-inner\"><\/div>\n\t\t<\/div>\n\t\t\t\t\t\t<\/div>\n\t\t\t\t<\/div>\n\t\t\t\t\t<\/div>\n\t\t\t\t<\/div>\n\t\t<div class=\"elementor-element elementor-element-c1d73f1 e-con-full e-flex jltma-glass-effect-no e-con e-parent\" data-id=\"c1d73f1\" data-element_type=\"container\" data-e-type=\"container\" data-settings=\"{&quot;background_background&quot;:&quot;classic&quot;}\">\n\t\t\t\t<div class=\"elementor-element elementor-element-d18e369 jltma-glass-effect-no elementor-widget elementor-widget-qi_addons_for_elementor_text_marquee\" data-id=\"d18e369\" data-element_type=\"widget\" data-e-type=\"widget\" data-widget_type=\"qi_addons_for_elementor_text_marquee.default\">\n\t\t\t\t<div class=\"elementor-widget-container\">\n\t\t\t\t\t<div class=\"qodef-shortcode qodef-m qodef-qi-text-marquee qodef-layout--default\">\n\t<div class=\"qodef-m-content\">\n\t\t<div class=\"qodef-m-text qodef-text--original\">\n\t\t\t\t\t\t\t<span class=\"qodef-m-text-item elementor-repeater-item-101a45d\" >\u00a1Subscr\u00edbete a nuestro newsletter!<\/span>\n\t\t\t\t\t\t\t\t\t\t\t<span class=\"qodef-m-text-item elementor-repeater-item-cd77cdb\" >\u00a1Subscr\u00edbete a nuestro newsletter!<\/span>\n\t\t\t\t\t\t\t\t\t\t\t<span class=\"qodef-m-text-item elementor-repeater-item-88e85ea\" >\u00a1Subscr\u00edbete a nuestro newsletter!<\/span>\n\t\t\t\t\t\t\t\t\t\t\t<span class=\"qodef-m-text-item elementor-repeater-item-84d1994\" >\u00a1Subscr\u00edbete a nuestro newsletter!<\/span>\n\t\t\t\t\t\t\t\t\t<\/div>\n\t\t<div class=\"qodef-m-text qodef-text--copy\">\n\t\t\t\t\t\t\t<span class=\"qodef-m-text-item elementor-repeater-item-101a45d\" >\u00a1Subscr\u00edbete a nuestro newsletter!<\/span>\n\t\t\t\t\t\t\t\t\t\t\t<span class=\"qodef-m-text-item elementor-repeater-item-cd77cdb\" >\u00a1Subscr\u00edbete a nuestro newsletter!<\/span>\n\t\t\t\t\t\t\t\t\t\t\t<span class=\"qodef-m-text-item elementor-repeater-item-88e85ea\" >\u00a1Subscr\u00edbete a nuestro newsletter!<\/span>\n\t\t\t\t\t\t\t\t\t\t\t<span class=\"qodef-m-text-item elementor-repeater-item-84d1994\" >\u00a1Subscr\u00edbete a nuestro newsletter!<\/span>\n\t\t\t\t\t\t\t\t\t<\/div>\n\t<\/div>\n<\/div>\n\t\t\t\t<\/div>\n\t\t\t\t<\/div>\n\t\t\t\t<\/div>\n\t\t<div class=\"elementor-element elementor-element-8656b16 e-flex e-con-boxed jltma-glass-effect-no e-con e-parent\" data-id=\"8656b16\" data-element_type=\"container\" data-e-type=\"container\" data-settings=\"{&quot;background_background&quot;:&quot;classic&quot;}\">\n\t\t\t\t\t<div class=\"e-con-inner\">\n\t\t<div class=\"elementor-element elementor-element-59cfb7f e-con-full e-flex jltma-glass-effect-no e-con e-child\" data-id=\"59cfb7f\" data-element_type=\"container\" data-e-type=\"container\">\n\t\t\t\t<div class=\"elementor-element elementor-element-a82969a jltma-glass-effect-no elementor-widget elementor-widget-heading\" data-id=\"a82969a\" data-element_type=\"widget\" data-e-type=\"widget\" data-widget_type=\"heading.default\">\n\t\t\t\t\t<h2 class=\"elementor-heading-title elementor-size-default\">NEWSLETTERS<\/h2>\t\t\t\t<\/div>\n\t\t\t\t<div class=\"elementor-element elementor-element-23ef2c6 jltma-glass-effect-no elementor-widget elementor-widget-heading\" data-id=\"23ef2c6\" data-element_type=\"widget\" data-e-type=\"widget\" data-widget_type=\"heading.default\">\n\t\t\t\t\t<h2 class=\"elementor-heading-title elementor-size-default\">\u00a1Recibe informaci\u00f3n, noticias, eventos <br>de la fundaci\u00f3n!<\/h2>\t\t\t\t<\/div>\n\t\t\t\t<div class=\"elementor-element elementor-element-b7dc223 jltma-glass-effect-no elementor-widget elementor-widget-heading\" data-id=\"b7dc223\" data-element_type=\"widget\" data-e-type=\"widget\" data-widget_type=\"heading.default\">\n\t\t\t\t\t<h2 class=\"elementor-heading-title elementor-size-default\">Se parte del cambio que transformar\u00e1<br>a Chile.<\/h2>\t\t\t\t<\/div>\n\t\t\t\t<\/div>\n\t\t<div class=\"elementor-element elementor-element-05ab94d e-con-full e-flex jltma-glass-effect-no e-con e-child\" data-id=\"05ab94d\" data-element_type=\"container\" data-e-type=\"container\">\n\t\t\t\t<div class=\"elementor-element elementor-element-d42acee elementor-button-align-stretch jltma-glass-effect-no elementor-widget elementor-widget-form\" data-id=\"d42acee\" data-element_type=\"widget\" data-e-type=\"widget\" data-settings=\"{&quot;step_next_label&quot;:&quot;Next&quot;,&quot;step_previous_label&quot;:&quot;Previous&quot;,&quot;button_width&quot;:&quot;100&quot;,&quot;step_type&quot;:&quot;number_text&quot;,&quot;step_icon_shape&quot;:&quot;circle&quot;}\" data-widget_type=\"form.default\">\n\t\t\t\t\t\t\t<form class=\"elementor-form\" method=\"post\" name=\"New Form\" aria-label=\"New Form\">\n\t\t\t<input type=\"hidden\" name=\"post_id\" value=\"985\"\/>\n\t\t\t<input type=\"hidden\" name=\"form_id\" value=\"d42acee\"\/>\n\t\t\t<input type=\"hidden\" name=\"referer_title\" value=\"NOTICIAS - FUNDACI\u00d3N DEPORTES CHILE\" \/>\n\n\t\t\t\t\t\t\t<input type=\"hidden\" name=\"queried_id\" value=\"985\"\/>\n\t\t\t\n\t\t\t<div class=\"elementor-form-fields-wrapper elementor-labels-above\">\n\t\t\t\t\t\t\t\t<div class=\"elementor-field-type-text elementor-field-group elementor-column elementor-field-group-name elementor-col-50\">\n\t\t\t\t\t\t\t\t\t\t\t\t<label for=\"form-field-name\" class=\"elementor-field-label\">\n\t\t\t\t\t\t\t\tNombre\t\t\t\t\t\t\t<\/label>\n\t\t\t\t\t\t\t\t\t\t\t\t\t\t<input size=\"1\" type=\"text\" name=\"form_fields[name]\" id=\"form-field-name\" class=\"elementor-field elementor-size-xs  elementor-field-textual\">\n\t\t\t\t\t\t\t\t\t\t\t<\/div>\n\t\t\t\t\t\t\t\t<div class=\"elementor-field-type-email elementor-field-group elementor-column elementor-field-group-email elementor-col-50 elementor-field-required\">\n\t\t\t\t\t\t\t\t\t\t\t\t<label for=\"form-field-email\" class=\"elementor-field-label\">\n\t\t\t\t\t\t\t\tApellido\t\t\t\t\t\t\t<\/label>\n\t\t\t\t\t\t\t\t\t\t\t\t\t\t<input size=\"1\" type=\"email\" name=\"form_fields[email]\" id=\"form-field-email\" class=\"elementor-field elementor-size-xs  elementor-field-textual\" required=\"required\">\n\t\t\t\t\t\t\t\t\t\t\t<\/div>\n\t\t\t\t\t\t\t\t<div class=\"elementor-field-type-email elementor-field-group elementor-column elementor-field-group-message elementor-col-100\">\n\t\t\t\t\t\t\t\t\t\t\t\t<label for=\"form-field-message\" class=\"elementor-field-label\">\n\t\t\t\t\t\t\t\tCorreo electr\u00f3nico\t\t\t\t\t\t\t<\/label>\n\t\t\t\t\t\t\t\t\t\t\t\t\t\t<input size=\"1\" type=\"email\" name=\"form_fields[message]\" id=\"form-field-message\" class=\"elementor-field elementor-size-xs  elementor-field-textual\">\n\t\t\t\t\t\t\t\t\t\t\t<\/div>\n\t\t\t\t\t\t\t\t<div class=\"elementor-field-type-acceptance elementor-field-group elementor-column elementor-field-group-field_40fbaec elementor-col-70\">\n\t\t\t\t\t\t\t<div class=\"elementor-field-subgroup\">\n\t\t\t<span class=\"elementor-field-option\">\n\t\t\t\t<input type=\"checkbox\" name=\"form_fields[field_40fbaec]\" id=\"form-field-field_40fbaec\" class=\"elementor-field elementor-size-xs  elementor-acceptance-field\">\n\t\t\t\t<label for=\"form-field-field_40fbaec\">Acepto los t\u00e9rminos y condiciones de uso para la fundaci\u00f3n, como distribuci\u00f3n de informaci\u00f3n y noticias del sitio.<\/label>\t\t\t<\/span>\n\t\t<\/div>\n\t\t\t\t\t\t<\/div>\n\t\t\t\t\t\t\t\t<div class=\"elementor-field-group elementor-column elementor-field-type-submit elementor-col-100 e-form__buttons\">\n\t\t\t\t\t<button class=\"elementor-button elementor-size-xs\" type=\"submit\">\n\t\t\t\t\t\t<span class=\"elementor-button-content-wrapper\">\n\t\t\t\t\t\t\t\t\t\t\t\t\t\t\t\t\t\t\t\t\t\t<span class=\"elementor-button-text\">INSCRIBIRSE<\/span>\n\t\t\t\t\t\t\t\t\t\t\t\t\t<\/span>\n\t\t\t\t\t<\/button>\n\t\t\t\t<\/div>\n\t\t\t<\/div>\n\t\t<\/form>\n\t\t\t\t\t\t<\/div>\n\t\t\t\t<\/div>\n\t\t\t\t\t<\/div>\n\t\t\t\t<\/div>\n\t\t\t\t<\/div>\n\t\t","protected":false},"excerpt":{"rendered":"<p>NOTICIAS SOBRE LA FUNDACI\u00d3N Recopilamos datos, conocemos el mundo deportivo en Chile y realizamos noticias que den a conocer la realidad deportiva nacional. Damos a conocer proyectos nuevos, avisos y resultados con datos firmes, sobre el desarrollo deportivo de la fundaci\u00f3n. 01. 03. 2026 Ser mujer en el mundo deportivo&#8230; Ver mujeres jugando f\u00fatbol, ganando [&hellip;]<\/p>\n","protected":false},"author":2,"featured_media":0,"parent":0,"menu_order":0,"comment_status":"closed","ping_status":"closed","template":"","meta":{"footnotes":""},"class_list":["post-985","page","type-page","status-publish","hentry"],"_links":{"self":[{"href":"https:\/\/fundaciondeporteschile.cl\/index.php?rest_route=\/wp\/v2\/pages\/985","targetHints":{"allow":["GET"]}}],"collection":[{"href":"https:\/\/fundaciondeporteschile.cl\/index.php?rest_route=\/wp\/v2\/pages"}],"about":[{"href":"https:\/\/fundaciondeporteschile.cl\/index.php?rest_route=\/wp\/v2\/types\/page"}],"author":[{"embeddable":true,"href":"https:\/\/fundaciondeporteschile.cl\/index.php?rest_route=\/wp\/v2\/users\/2"}],"replies":[{"embeddable":true,"href":"https:\/\/fundaciondeporteschile.cl\/index.php?rest_route=%2Fwp%2Fv2%2Fcomments&post=985"}],"version-history":[{"count":16,"href":"https:\/\/fundaciondeporteschile.cl\/index.php?rest_route=\/wp\/v2\/pages\/985\/revisions"}],"predecessor-version":[{"id":1695,"href":"https:\/\/fundaciondeporteschile.cl\/index.php?rest_route=\/wp\/v2\/pages\/985\/revisions\/1695"}],"wp:attachment":[{"href":"https:\/\/fundaciondeporteschile.cl\/index.php?rest_route=%2Fwp%2Fv2%2Fmedia&parent=985"}],"curies":[{"name":"wp","href":"https:\/\/api.w.org\/{rel}","templated":true}]}}